{"id":1130,"date":"2018-09-28T12:44:41","date_gmt":"2018-09-28T10:44:41","guid":{"rendered":"https:\/\/www.matthiasihnken.de\/?page_id=1130"},"modified":"2018-09-28T12:46:53","modified_gmt":"2018-09-28T10:46:53","slug":"lp_diakonie2018","status":"publish","type":"page","link":"https:\/\/www.matthiasihnken.com\/de\/lp_diakonie2018\/","title":{"rendered":"lp_diakonie2018"},"content":{"rendered":"<p>Persona &#8211; Vorlage A3<\/p>\n<p>Aus dem Seminar &#8222;Zielgruppen gewinnen und binden&#8220; auf dem Bundeskongress Kommunikation der Diakonie 2018<\/p>\n<p>Eine einfache, voll editierbare Vorlage zur Erstellung einer konkreten Profilbeschreibung der Zielgruppe &#8211; Persona. Dateiformat PowerPoint (Ausdruck optimal in A3 oder gr\u00f6\u00dfer)<\/p>\n<p>Download Powerpoint Vorlage (ca. 2MB)<\/p>\n<p>FRAGEN? LASSEN SIE UNS SPRECHEN&#8230;<\/p>\n<p>Schreiben Sie mir: contact@matthiasihnken.de<\/p>\n<p>Rufen Sie mich an: +49 1523 310 247 0<\/p>\n<p>\u00dcber mich<\/p>\n<p>Ich war\u00a0langj\u00e4hriger International Head of Digital Marketing f\u00fcr die Marke NIVEA bei der Beiersdorf AG. Dort habe ich umfassende Erfahrung im Aufbau und in der strategischen Steuerung von globalem Online Marketing gesammelt.\u00a0Ich habe die Integration, Umsetzung und Optimierung der wichtigsten Digital Marketingthemen in der strategischen F\u00fchrung von \u00fcber 60 M\u00e4rkten vorangetrieben.<br \/>\nAls unabh\u00e4ngiger Strategieberater helfe ich Unternehmen und Marken beim Aufbau, der Skalierung und der Optimierung ihres Digital Marketing.\u00a0 Erfahren Sie mehr \u00fcber mich in meinem Lebenslauf.<\/p>\n<p><!-- {\"name\":\"LP_LandingPage_Einfach-Amazon\",\"type\":\"layout\",\"children\":[{\"name\":\"Download\",\"type\":\"section\",\"props\":{\"style\":\"default\",\"width\":\"default\",\"vertical_align\":\"middle\",\"title_position\":\"top-left\",\"title_rotation\":\"left\",\"title_breakpoint\":\"xl\",\"image_position\":\"center-center\"},\"children\":[{\"name\":\"\",\"type\":\"row\",\"props\":{\"fixed_width\":\"large\",\"breakpoint\":\"m\",\"layout\":\"2-3,\"},\"children\":[{\"name\":\"\",\"type\":\"column\",\"props\":{\"widths\":[\"2-3\"],\"image_position\":\"center-center\"},\"children\":[{\"name\":\"\",\"type\":\"headline\",\"props\":{\"title_element\":\"h1\",\"content\":\"Persona - Vorlage A3\",\"title_style\":\"heading-hero\",\"title_decoration\":\"\",\"title_color\":\"\",\"text_align\":\"\",\"text_align_breakpoint\":\"\",\"text_align_fallback\":\"\",\"maxwidth\":\"\",\"maxwidth_align\":\"\",\"maxwidth_breakpoint\":\"\",\"margin\":\"\",\"animation\":\"\",\"visibility\":\"\"}},{\"name\":\"\",\"type\":\"headline\",\"props\":{\"title_element\":\"h2\",\"content\":\"Aus dem Seminar \\\"Zielgruppen gewinnen und binden\\\" auf dem <em>Bundeskongress Kommunikation der Diakonie 2018<\\\/em>\",\"title_style\":\"h3\",\"title_decoration\":\"\",\"title_color\":\"\",\"text_align\":\"\",\"text_align_breakpoint\":\"\",\"text_align_fallback\":\"\",\"maxwidth\":\"\",\"maxwidth_align\":\"\",\"maxwidth_breakpoint\":\"\",\"margin\":\"\",\"animation\":\"\",\"visibility\":\"\"}},{\"name\":\"\",\"type\":\"text\",\"props\":{\"margin\":\"default\",\"column_breakpoint\":\"m\",\"content\":\"\n\n<p>Eine einfache, voll editierbare Vorlage zur Erstellung einer konkreten Profilbeschreibung der Zielgruppe - Persona. <br \\\/>Dateiformat PowerPoint (Ausdruck optimal in A3 oder gr\\u00f6\\u00dfer)<\\\/p>\",\"text_style\":\"\",\"text_color\":\"\",\"text_size\":\"\",\"column\":\"\",\"text_align\":\"\",\"text_align_breakpoint\":\"\",\"text_align_fallback\":\"\",\"maxwidth\":\"\",\"maxwidth_align\":\"\",\"maxwidth_breakpoint\":\"\",\"animation\":\"\",\"visibility\":\"\"}},{\"name\":\"\",\"type\":\"button\",\"props\":{\"gutter\":\"small\",\"margin\":\"default\",\"button_size\":\"\",\"text_align\":\"\",\"text_align_breakpoint\":\"\",\"text_align_fallback\":\"\",\"maxwidth\":\"\",\"maxwidth_align\":\"\",\"maxwidth_breakpoint\":\"\",\"animation\":\"\",\"visibility\":\"\"},\"children\":[{\"name\":\"\",\"type\":\"button_item\",\"props\":{\"button_style\":\"primary\",\"icon_align\":\"left\",\"content\":\"Download Powerpoint Vorlage (ca. 2MB)\",\"link\":\"http:\\\/\\\/downloads.matthiasihnken.de\\\/diakonie2018\\\/Diakonie_Persona_Vorlage.pptx\",\"link_title\":\"Persona Vorlage\",\"link_target\":\"blank\",\"icon\":\"download\"}}]}]},{\"name\":\"\",\"type\":\"column\",\"props\":{\"widths\":[\"\"],\"image_position\":\"center-center\",\"image\":\"\",\"image_height\":\"\"},\"children\":[{\"name\":\"\",\"type\":\"image\",\"props\":{\"margin\":\"default\",\"image\":\"wp-content\\\/uploads\\\/Screenshot-2018-09-28-12.38.58.png\",\"image_height\":\"400\",\"image_box_shadow\":\"large\",\"image_box_shadow_bottom\":false,\"link_target\":\"blank\",\"image_border\":\"\",\"image_hover_box_shadow\":\"\",\"text_align\":\"\",\"text_align_breakpoint\":\"\",\"text_align_fallback\":\"\",\"maxwidth\":\"\",\"maxwidth_align\":\"\",\"maxwidth_breakpoint\":\"\",\"animation\":\"\",\"visibility\":\"\",\"link\":\"http:\\\/\\\/downloads.matthiasihnken.de\\\/diakonie2018\\\/Diakonie_Persona_Vorlage.pptx\"}}]}]}]},{\"name\":\"Contact_DE_Einfach\",\"type\":\"section\",\"props\":{\"width\":\"default\",\"padding\":\"small\",\"style\":\"primary\",\"image_size\":\"cover\",\"animation\":\"\",\"animation_delay\":true,\"image_position\":\"center-center\",\"vertical_align\":\"middle\",\"title_position\":\"top-left\",\"title_rotation\":\"left\",\"title_breakpoint\":\"xl\",\"id\":\"contactHP\"},\"children\":[{\"name\":\"\",\"type\":\"row\",\"props\":{\"fixed_width\":\"large\",\"breakpoint\":\"m\",\"layout\":\"1-1\"},\"children\":[{\"name\":\"\",\"type\":\"column\",\"props\":{\"image_position\":\"center-center\",\"widths\":[\"1-1\"]},\"children\":[{\"name\":\"\",\"type\":\"headline\",\"props\":{\"title_element\":\"h2\",\"text_align\":\"center\",\"content\":\"<span style=\\\"font-weight: 400;\\\">FRAGEN? LASSEN SIE UNS SPRECHEN...<\\\/span>\",\"title_style\":\"h3\"}}]}]},{\"name\":\"\",\"type\":\"row\",\"props\":{\"layout\":\",\",\"breakpoint\":\"m\",\"divider\":true,\"fixed_width\":\"large\",\"match\":false},\"children\":[{\"name\":\"\",\"type\":\"column\",\"props\":{\"image_position\":\"center-center\",\"widths\":[\"\"]},\"children\":[{\"name\":\"\",\"type\":\"text\",\"props\":{\"margin\":\"default\",\"content\":\"\n\n<p><span style=\\\"font-weight: 400;\\\">Schreiben Sie mir: <\\\/span><span style=\\\"font-weight: 400;\\\">contact@matthiasihnken.de<\\\/span><\\\/p>\",\"text_align\":\"center\",\"text_size\":\"large\",\"column_breakpoint\":\"m\"}}]},{\"name\":\"\",\"type\":\"column\",\"props\":{\"image_position\":\"center-center\",\"widths\":[\"\"]},\"children\":[{\"name\":\"\",\"type\":\"text\",\"props\":{\"margin\":\"default\",\"content\":\"\n\n<p><span style=\\\"font-weight: 400;\\\">Rufen Sie mich an: <\\\/span><span style=\\\"font-weight: 400;\\\">+49 1523 310 247 0<\\\/span><\\\/p>\",\"text_align\":\"center\",\"column_breakpoint\":\"m\",\"text_size\":\"large\",\"dropcap\":false}}]}]}]},{\"name\":\"DE \\u00dcber Mich Abbinder\",\"type\":\"section\",\"props\":{\"style\":\"default\",\"width\":\"default\",\"vertical_align\":\"middle\",\"title_position\":\"top-left\",\"title_rotation\":\"left\",\"title_breakpoint\":\"xl\",\"image_position\":\"center-center\"},\"children\":[{\"name\":\"\",\"type\":\"row\",\"props\":{\"fixed_width\":\"large\",\"breakpoint\":\"s\",\"layout\":\"2-3,\",\"gutter\":\"\"},\"children\":[{\"name\":\"\",\"type\":\"column\",\"props\":{\"widths\":[\"2-3\"],\"image_position\":\"center-center\"},\"children\":[{\"name\":\"\",\"type\":\"headline\",\"props\":{\"title_element\":\"h1\",\"content\":\"\\u00dcber mich\"}},{\"name\":\"\",\"type\":\"text\",\"props\":{\"margin\":\"default\",\"column_breakpoint\":\"m\",\"content\":\"\n\n<p>Ich war\\u00a0<strong>langj\\u00e4hriger International Head of Digital Marketing f\\u00fcr die Marke NIVEA<\\\/strong> bei der Beiersdorf AG. Dort habe ich umfassende Erfahrung im Aufbau und in der strategischen Steuerung von globalem Online Marketing gesammelt.\\u00a0Ich habe die Integration, Umsetzung und Optimierung der wichtigsten Digital Marketingthemen in der <strong>strategischen F\\u00fchrung von \\u00fcber 60 M\\u00e4rkten<\\\/strong> vorangetrieben.<\\\/p>\\n\n\n<p>Als<strong> unabh\\u00e4ngiger Strategieberater<\\\/strong> helfe ich Unternehmen und Marken beim Aufbau, der Skalierung und der Optimierung ihres Digital Marketing.\\u00a0 Erfahren Sie <a href=\\\"https:\\\/\\\/www.matthiasihnken.de\\\/de\\\/ueber-mich\\\/\\\">mehr \\u00fcber mich in meinem Lebenslauf<\\\/a>.<\\\/p>\"}}]},{\"name\":\"\",\"type\":\"column\",\"props\":{\"widths\":[\"\"],\"image_position\":\"center-center\"},\"children\":[{\"name\":\"\",\"type\":\"image\",\"props\":{\"margin\":\"default\",\"image\":\"wp-content\\\/uploads\\\/MatthiasIhnken_Speaker-2.jpg\",\"image_width\":\"\"}}]}]}]}]} --><\/p>\n","protected":false},"excerpt":{"rendered":"<p>Persona &#8211; Vorlage A3 Aus dem Seminar &#8222;Zielgruppen gewinnen und binden&#8220; auf dem Bundeskongress Kommunikation der Diakonie 2018 Eine einfache, voll editierbare Vorlage zur Erstellung einer konkreten Profilbeschreibung der Zielgruppe &#8211; Persona. Dateiformat PowerPoint (Ausdruck optimal in A3 oder gr\u00f6\u00dfer) Download Powerpoint Vorlage (ca. 2MB) FRAGEN? LASSEN SIE UNS SPRECHEN&#8230; Schreiben Sie mir: contact@matthiasihnken.de Rufen [&hellip;]<\/p>\n","protected":false},"author":1,"featured_media":0,"parent":0,"menu_order":0,"comment_status":"closed","ping_status":"closed","template":"","meta":{"footnotes":""},"class_list":["post-1130","page","type-page","status-publish","hentry"],"yoast_head":"<!-- This site is optimized with the Yoast SEO plugin v27.3 - https:\/\/yoast.com\/product\/yoast-seo-wordpress\/ -->\n<title>lp_diakonie2018 - Matthias Ihnken<\/title>\n<meta name=\"robots\" content=\"index, follow, max-snippet:-1, max-image-preview:large, max-video-preview:-1\" \/>\n<link rel=\"canonical\" href=\"https:\/\/www.matthiasihnken.com\/de\/lp_diakonie2018\/\" \/>\n<meta name=\"twitter:label1\" content=\"Gesch\u00e4tzte Lesezeit\" \/>\n\t<meta name=\"twitter:data1\" content=\"1\u00a0Minute\" \/>\n<script type=\"application\/ld+json\" class=\"yoast-schema-graph\">{\"@context\":\"https:\\\/\\\/schema.org\",\"@graph\":[{\"@type\":\"WebPage\",\"@id\":\"https:\\\/\\\/www.matthiasihnken.com\\\/de\\\/lp_diakonie2018\\\/\",\"url\":\"https:\\\/\\\/www.matthiasihnken.com\\\/de\\\/lp_diakonie2018\\\/\",\"name\":\"lp_diakonie2018 - Matthias Ihnken\",\"isPartOf\":{\"@id\":\"https:\\\/\\\/www.matthiasihnken.com\\\/de\\\/#website\"},\"datePublished\":\"2018-09-28T10:44:41+00:00\",\"dateModified\":\"2018-09-28T10:46:53+00:00\",\"breadcrumb\":{\"@id\":\"https:\\\/\\\/www.matthiasihnken.com\\\/de\\\/lp_diakonie2018\\\/#breadcrumb\"},\"inLanguage\":\"de\",\"potentialAction\":[{\"@type\":\"ReadAction\",\"target\":[\"https:\\\/\\\/www.matthiasihnken.com\\\/de\\\/lp_diakonie2018\\\/\"]}]},{\"@type\":\"BreadcrumbList\",\"@id\":\"https:\\\/\\\/www.matthiasihnken.com\\\/de\\\/lp_diakonie2018\\\/#breadcrumb\",\"itemListElement\":[{\"@type\":\"ListItem\",\"position\":1,\"name\":\"Home\",\"item\":\"https:\\\/\\\/www.matthiasihnken.com\\\/de\\\/\"},{\"@type\":\"ListItem\",\"position\":2,\"name\":\"lp_diakonie2018\"}]},{\"@type\":\"WebSite\",\"@id\":\"https:\\\/\\\/www.matthiasihnken.com\\\/de\\\/#website\",\"url\":\"https:\\\/\\\/www.matthiasihnken.com\\\/de\\\/\",\"name\":\"Matthias Ihnken\",\"description\":\"B2B Marketing Strategy\",\"potentialAction\":[{\"@type\":\"SearchAction\",\"target\":{\"@type\":\"EntryPoint\",\"urlTemplate\":\"https:\\\/\\\/www.matthiasihnken.com\\\/de\\\/?s={search_term_string}\"},\"query-input\":{\"@type\":\"PropertyValueSpecification\",\"valueRequired\":true,\"valueName\":\"search_term_string\"}}],\"inLanguage\":\"de\"}]}<\/script>\n<!-- \/ Yoast SEO plugin. -->","yoast_head_json":{"title":"lp_diakonie2018 - Matthias Ihnken","robots":{"index":"index","follow":"follow","max-snippet":"max-snippet:-1","max-image-preview":"max-image-preview:large","max-video-preview":"max-video-preview:-1"},"canonical":"https:\/\/www.matthiasihnken.com\/de\/lp_diakonie2018\/","twitter_misc":{"Gesch\u00e4tzte Lesezeit":"1\u00a0Minute"},"schema":{"@context":"https:\/\/schema.org","@graph":[{"@type":"WebPage","@id":"https:\/\/www.matthiasihnken.com\/de\/lp_diakonie2018\/","url":"https:\/\/www.matthiasihnken.com\/de\/lp_diakonie2018\/","name":"lp_diakonie2018 - Matthias Ihnken","isPartOf":{"@id":"https:\/\/www.matthiasihnken.com\/de\/#website"},"datePublished":"2018-09-28T10:44:41+00:00","dateModified":"2018-09-28T10:46:53+00:00","breadcrumb":{"@id":"https:\/\/www.matthiasihnken.com\/de\/lp_diakonie2018\/#breadcrumb"},"inLanguage":"de","potentialAction":[{"@type":"ReadAction","target":["https:\/\/www.matthiasihnken.com\/de\/lp_diakonie2018\/"]}]},{"@type":"BreadcrumbList","@id":"https:\/\/www.matthiasihnken.com\/de\/lp_diakonie2018\/#breadcrumb","itemListElement":[{"@type":"ListItem","position":1,"name":"Home","item":"https:\/\/www.matthiasihnken.com\/de\/"},{"@type":"ListItem","position":2,"name":"lp_diakonie2018"}]},{"@type":"WebSite","@id":"https:\/\/www.matthiasihnken.com\/de\/#website","url":"https:\/\/www.matthiasihnken.com\/de\/","name":"Matthias Ihnken","description":"B2B Marketing Strategy","potentialAction":[{"@type":"SearchAction","target":{"@type":"EntryPoint","urlTemplate":"https:\/\/www.matthiasihnken.com\/de\/?s={search_term_string}"},"query-input":{"@type":"PropertyValueSpecification","valueRequired":true,"valueName":"search_term_string"}}],"inLanguage":"de"}]}},"jetpack-related-posts":[{"id":516,"url":"https:\/\/www.matthiasihnken.com\/de\/home\/","url_meta":{"origin":1130,"position":0},"title":"Home_oldJuly2018","author":"Matthias","date":"20\/10\/2016","format":false,"excerpt":"Aufbau, Skalierung und Optimierung Ihres Digital Marketing UNABH\u00c4NGIGER STRATEGIEBERATER & COACH Als unabh\u00e4ngiger Berater helfe ich Unternehmen und Marken beim Aufbau, der Entwicklung und der Optimierung ihrer Digital Marketing Strategie. Ich unterst\u00fctze durch Beratung, Managementsupport oder durch Sparring in der Strategieentwicklung und Umsetzung. WO ICH HELFE... Entwicklung und Integration des\u2026","rel":"","context":"\u00c4hnlicher Beitrag","block_context":{"text":"\u00c4hnlicher Beitrag","link":""},"img":{"alt_text":"","src":"","width":0,"height":0},"classes":[]},{"id":16,"url":"https:\/\/www.matthiasihnken.com\/home\/","url_meta":{"origin":1130,"position":1},"title":"Home_oldJuly2018","author":"Matthias","date":"20\/10\/2016","format":false,"excerpt":"To build, grow and optimize your digital marketing STRATEGY CONSULTANT & COACH I\u2019m a Professional Digital Marketing Expert with several years of experience in defining and implementing the digital strategy for a leading international FMCG brand. I offer consulting and management for companies looking to build, grow, optimize and scale\u2026","rel":"","context":"\u00c4hnlicher Beitrag","block_context":{"text":"\u00c4hnlicher Beitrag","link":""},"img":{"alt_text":"","src":"","width":0,"height":0},"classes":[]},{"id":1366,"url":"https:\/\/www.matthiasihnken.com\/dynamictest_202401\/","url_meta":{"origin":1130,"position":2},"title":"DynamicTest","author":"Matthias","date":"28\/12\/2023","format":false,"excerpt":"About me Matthias Ihnken I'm an expert (international) B2C and B2B Digital Marketing & Sales. Proud father of two living in the most beautiful city of Hamburg. With a passion for digital technology. Address Veilchenweg 26e22529 HamburgGermany How to get in touch +49 (0)1523 310 247 0contact@matthiasihnken.de Follow me linkedin\u2026","rel":"","context":"\u00c4hnlicher Beitrag","block_context":{"text":"\u00c4hnlicher Beitrag","link":""},"img":{"alt_text":"","src":"","width":0,"height":0},"classes":[]},{"id":391,"url":"https:\/\/www.matthiasihnken.com\/about-me\/","url_meta":{"origin":1130,"position":3},"title":"About me","author":"Matthias","date":"04\/07\/2017","format":false,"excerpt":"About me Matthias Ihnken I'm an expert in (international) B2C and B2B Digital Marketing & Sales. Proud father of two living in the most beautiful city of Hamburg. With a passion for digital technology. Address Veilchenweg 26e22529 HamburgGermany How to get in touch +49 (0)1523 310 247 0contact@matthiasihnken.de Follow me\u2026","rel":"","context":"\u00c4hnlicher Beitrag","block_context":{"text":"\u00c4hnlicher Beitrag","link":""},"img":{"alt_text":"","src":"","width":0,"height":0},"classes":[]},{"id":661,"url":"https:\/\/www.matthiasihnken.com\/international-digital-marketing-strategyconsultancy\/","url_meta":{"origin":1130,"position":4},"title":"International Digital Marketing Strategy &#8211; Internationalization","author":"Matthias","date":"23\/11\/2017","format":false,"excerpt":"Strategy Consultancy - Marketing Internationalization GOING GLOBAL The right strategy, the right processes and the best tools for your international Digital Marketing. For more reach, more revenue and more efficiency. Across markets. How I help with internationalization The Challenges Of Digital Marketing Internationalization For companies of any size, managing digital\u2026","rel":"","context":"Mit 1 Kommentar","block_context":{"text":"Mit 1 Kommentar","link":"https:\/\/www.matthiasihnken.com\/international-digital-marketing-strategyconsultancy\/#comments"},"img":{"alt_text":"","src":"","width":0,"height":0},"classes":[]}],"jetpack_sharing_enabled":true,"_links":{"self":[{"href":"https:\/\/www.matthiasihnken.com\/de\/wp-json\/wp\/v2\/pages\/1130","targetHints":{"allow":["GET"]}}],"collection":[{"href":"https:\/\/www.matthiasihnken.com\/de\/wp-json\/wp\/v2\/pages"}],"about":[{"href":"https:\/\/www.matthiasihnken.com\/de\/wp-json\/wp\/v2\/types\/page"}],"author":[{"embeddable":true,"href":"https:\/\/www.matthiasihnken.com\/de\/wp-json\/wp\/v2\/users\/1"}],"replies":[{"embeddable":true,"href":"https:\/\/www.matthiasihnken.com\/de\/wp-json\/wp\/v2\/comments?post=1130"}],"version-history":[{"count":4,"href":"https:\/\/www.matthiasihnken.com\/de\/wp-json\/wp\/v2\/pages\/1130\/revisions"}],"predecessor-version":[{"id":1137,"href":"https:\/\/www.matthiasihnken.com\/de\/wp-json\/wp\/v2\/pages\/1130\/revisions\/1137"}],"wp:attachment":[{"href":"https:\/\/www.matthiasihnken.com\/de\/wp-json\/wp\/v2\/media?parent=1130"}],"curies":[{"name":"wp","href":"https:\/\/api.w.org\/{rel}","templated":true}]}}